{"id":703,"date":"2018-06-12T22:36:52","date_gmt":"2018-06-12T20:36:52","guid":{"rendered":"https:\/\/www.vooropfotografie.nl\/?page_id=703"},"modified":"2021-08-16T13:50:56","modified_gmt":"2021-08-16T11:50:56","slug":"privacy-policy","status":"publish","type":"page","link":"https:\/\/vooropfotografie.nl\/?page_id=703","title":{"rendered":"Privacy Policy"},"content":{"rendered":"<div data-colibri-id=\"703-c1\" class=\"style-211 style-local-703-c1 position-relative\">\n  <!---->\n  <div data-colibri-component=\"section\" data-colibri-id=\"703-c2\" id=\"initial-content\" class=\"h-section h-section-global-spacing d-flex align-items-lg-center align-items-md-center align-items-center style-212 style-local-703-c2 position-relative\">\n    <!---->\n    <!---->\n    <div class=\"h-section-grid-container h-section-boxed-container\">\n      <!---->\n      <div data-colibri-id=\"703-c3\" class=\"h-row-container gutters-row-lg-2 gutters-row-md-2 gutters-row-0 gutters-row-v-lg-2 gutters-row-v-md-2 gutters-row-v-2 style-213 style-local-703-c3 position-relative\">\n        <!---->\n        <div class=\"h-row justify-content-lg-center justify-content-md-center justify-content-center align-items-lg-stretch align-items-md-stretch align-items-stretch gutters-col-lg-2 gutters-col-md-2 gutters-col-0 gutters-col-v-lg-2 gutters-col-v-md-2 gutters-col-v-2\">\n          <!---->\n          <div class=\"h-column h-column-container d-flex h-col-lg-auto h-col-md-auto h-col-auto style-214-outer style-local-703-c4-outer\">\n            <div data-colibri-id=\"703-c4\" class=\"d-flex h-flex-basis h-column__inner h-px-lg-2 h-px-md-2 h-px-2 v-inner-lg-2 v-inner-md-2 v-inner-2 style-214 style-local-703-c4 position-relative\">\n              <!---->\n              <!---->\n              <div class=\"w-100 h-y-container h-column__content h-column__v-align flex-basis-100 align-self-lg-start align-self-md-start align-self-start\">\n                <!---->\n                <div data-colibri-id=\"703-c6\" class=\"h-text h-text-component style-216 style-local-703-c6 position-relative h-element\">\n                  <!---->\n                  <!---->\n                  <div class=\"\">\n                    <p><strong>Voorop! Fotografie&amp; Ontwerp<\/strong>, Foto en mediabedrijf naar Nederlands recht, hierna te noemen&nbsp;<strong>VF&amp;O<\/strong>&nbsp;vermeld onder KvK-nummer 63025434 en in rechte vertegenwoordigd door R. van der Teen\n                      als verantwoordelijke voor de Persoonsgegevens;<\/p>\n                    <p><strong>Verklaart het volgende:&nbsp;<\/strong><\/p>\n                    <p><strong>VF&amp;O<\/strong>&nbsp;verwerkt Persoonsgegevens uitsluitend voor intern gebruik binnen de administratie (mail en eventueel fotografische weergaven.) Dit als verwerkingsverantwoordelijke, dan wel als verwerker afhankelijk van\n                      de concrete omstandigheden en instructies.<\/p>\n                    <p><strong>VF&amp;O<\/strong>&nbsp;is enkel verwerkingsverantwoordelijke in zoverre de verwerking van Persoonsgegevens voor eigen doeleinden is. In zoverre er Persoonsgegevens verwerkt worden van betrokkenen fungeert&nbsp;<strong>VF&amp;O<\/strong>&nbsp;als\n                      verwerker.<\/p>\n                    <p><strong>VF&amp;O<\/strong>&nbsp;erkent het belang van een veilige verwerking van Persoonsgegevens. In die zin erkennen&nbsp;<strong>VF&amp;O<\/strong>&nbsp;als betrokkenen&nbsp;(klanten en eventuele ontvangers van een nieuwsbrief) )\n                      en facilitators van fotografisch materiaal dat de verwerking van Persoonsgegevens zal plaatsvinden conform de heersende nationale regelgeving, alsmede Verordening (EU) 2016\/679 (GDPR\/AVG verordening) vanaf 25 mei 2018 en deze te\n                      zullen naleven. In geval van inhoudelijke wetswijzigingen verbindt&nbsp;<strong>VF&amp;O<\/strong>&nbsp;zich er toe om de Privacy Policy hierop aan te passen. In zoverre deze wijzigingen essentieel zijn, zal&nbsp;<strong>VF&amp;O<\/strong>&nbsp;de\n                      betrokkenen (donateurs, ontvangers van nieuwsbrieven en facilitators van fotografisch materiaal)&nbsp;hiervan op de hoogte stellen.<\/p>\n                    <p>Draagwijdte Privacy Policy<\/p>\n                    <p>Huidige Privacy Policy maakt deel uit van de algemene voorwaarden van&nbsp;<strong>VF&amp;O<\/strong>&nbsp;en is van toepassing op alle handelingen van en met&nbsp;<strong>VF&amp;O<\/strong>. Afwijkingen van de Privacy Policy zijn in\n                      dergelijk geval enkel toelaatbaar indien ingegeven door wettelijke vereisten, dan wel na al dan niet impliciete toestemming van eventuele partijen (klanten, samenwerkende partners, sponsoren en bezoekers van de website.) Wezenlijke\n                      wijzigingen zullen uitdrukkelijk worden medegedeeld op de website.<\/p>\n                    <p>Door het consulteren van de website, in te schrijven op de nieuwsbrief en tijdens het aanleveren van fotografisch materiaal, aankopen te doen op de webshop eveneens door gebruik te maken van het contactformulier erkent de klant kennis\n                      te hebben genomen van de Privacy Policy en dat<strong>&nbsp;VF&amp;O<\/strong>, gebruik kan en mag maken van de verstrekte Persoonsgegevens rekening houdende met de draagwijdte van de opdracht (art. 6.1.a en 6.1.b AVG).<\/p>\n                    <p><strong>VF&amp;O<\/strong>waarborgt in geen geval de volledigheid, correctheid en het up-to-date zijn van de vervatte informatie.<\/p>\n                    <p>Definities<\/p>\n                    <p>Voor een goed begrip van deze Privacy Policy hebben volgende begrippen de volgende betekenis:<\/p>\n                    <p><em>AVG<\/em>: Verordening nr. 2016\/679 van de Europees Parlement en de Raad van 27 april 2016 betreffende de bescherming van natuurlijke personen in verband met de verwerking van persoonsgegevens en betreffende het vrij verkeer van\n                      die gegevens en tot intrekking van Richtlijn 95\/46\/EG, ook wel Algemene Verordening Gegevensbescherming of GDPR genoemd;<em>Persoonsgegevens<\/em>: alle informatie over een ge\u00efdentificeerde of identificeerbare natuurlijke persoon\n                      zoals een naam, mailadres, woonadres, telefoonnummer, bankgegevens locatiegegevens, een online identificator ;<em>Betrokkene<\/em>: de ge\u00efdentificeerde of identificeerbare natuurlijke persoon;<em>Toestemming van de betrokkene<\/em>:\n                      elke vrije, specifieke, ge\u00efnformeerde en ondubbelzinnige wilsuiting waarmee de betrokkene door middel van een verklaring of een ondubbelzinnige actieve handeling de verwerking van persoonsgegevens aanvaardt;<em>Verwerker<\/em>: een\n                      natuurlijke persoon of rechtspersoon, een overheidsinstantie, een dienst of een ander orgaan die\/dat ten behoeve van de verwerkingsverantwoordelijke persoonsgegevens verwerkt;<em>Verwerking<\/em>: een bewerking of geheel van bewerkingen\n                      met betrekking tot persoonsgegevens of een geheel van persoonsgegevens, al dan niet uitgevoerd via geautomatiseerde proced\u00e9s, zoals het verzamelen, vastleggen, ordenen, structureren, opslaan, bijwerken of wijzigen, opvragen, raadplegen,\n                      gebruiken, doorsturen, verspreiden of op andere wijze ter beschikking stellen, aligneren, combineren, afschermen, wissen of vernietigen van gegevens;<em>Verwerkingsverantwoordelijke<\/em>: een natuurlijke of rechtspersoon, een overheidsinstantie,\n                      een dienst of ander orgaan die\/dat, alleen of samen met anderen, het doel van en de middelen voor de verwerking van persoonsgegevens vaststelt;<em>Datalek<\/em>: elke inbreuk op de beveiliging die per ongeluk of op onrechtmatige wijze\n                      leidt tot de vernietiging, het verlies, de wijziging of de ongeoorloofde verstrekking van of de ongeoorloofde toegang tot doorgezonden, opgeslagen of anderszins verwerkte gegevens;De verwerking van de Persoonsgegevens<\/p>\n                    <p><strong>VF&amp;O<\/strong>&nbsp;garandeert dat Uw Persoonsgegevens:<\/p>\n                    <p>Op een rechtmatige en transparante wijze verwerkt worden;Enkel voor welbepaalde, uitdrukkelijk omschreven en gerechtvaardigde doeleinden verzameld worden;Beperkt worden tot hetgeen toereikend en noodzakelijk is voor de doeleinden waarvoor\n                      er verwerking plaatsvindt;Correct zijn en indien nodig geactualiseerd worden;Bewaard worden in een vorm die het mogelijk maakt de betrokkene niet langer de identificeren dan voor de doeleinden waarvoor verwerking noodzakelijk is;Op\n                      een passende wijze beveiligd worden door het treffen van de nodige technische en organisatorische beveiligingsmaatregelen zodat zij niet op onrechtmatige of ongeoorloofde wijze verwerkt, dan wel vernietigd worden of verloren gaan;<\/p>\n                    <p>In het kader van de \u201cdiensten en opdrachten&nbsp;&nbsp;die door<strong>&nbsp;VF&amp;O<\/strong>, geboden wordt, bestaan de verzamelde Persoonsgegevens onder meer uit de (bedrijfs) naam, naam contactpersoon , mailadres, adres, telefoonnummer\n                      en (bedrijfs) banknummer, archieffoto\u2019s van personen&nbsp;(bij opdrachten), alsmede elke andere persoonlijke informatie die de relatie verkiest mede te delen in diens vraag om inlichtingen.<\/p>\n                    <p><strong>&nbsp;VF&amp;O<\/strong>&nbsp;verwerkt geen gevoelige Persoonsgegevens zoals ras, etnische oorsprong, godsdienst, strafrechtelijke informatie, seksuele geaardheid of informatie omtrent fysische en psychologische gezondheid.<\/p>\n                    <p><strong>VF&amp;O<\/strong>&nbsp;bewaart de Persoonsgegevens die zij verwerkt niet langer dan noodzakelijk is voor het doel van de verwerking, dan wel op grond van de Archiefwet vereist is. Voor het bewaren van foto\u2019s waarop persoonlijke\n                      kenmerken zichtbaar zijn zal toestemming van de opdrachtgever verkregen worden voor archivering.<\/p>\n                    <p>Het doel van de verwerking zal blijken uit de handelingen die<strong>&nbsp;VF&amp;O<\/strong>, uitvoert en kan onder meer bestaan uit branding,incl. portfolio met (geportretteerden incl, toestemming daarvoor)&nbsp;webdesign, marketing,\n                      fotografieopdrachten en het beheer van social media.<\/p>\n                    <p>Expliciete toestemming van de Betrokkene(n)<\/p>\n                    <p>Door beroep te doen op de diensten van&nbsp;<strong>&nbsp;VF&amp;O<\/strong>&nbsp;als verwerker en het overmaken van Persoonsgegevens bevestigt de relatie klant over de benodigde toestemming te beschikken van de betrokkene wiens Persoonsgegevens\n                      zullen worden verwerkt. De klant en\/of de betrokkene blijft eigenaar van de door de klant ter beschikking gestelde gegevens.<\/p>\n                    <p>In zoverre&nbsp;<strong>VF&amp;O<\/strong>&nbsp;rechtstreeks Persoonsgegevens dient op te vragen bij de betrokkene, zal zij de betrokkene voorgaand informeren over volgende aspecten:<\/p>\n                    <p>De identiteit en contactgegevens van de verwerkingsverantwoordelijke en de verwerker;Het doel en de rechtsgrond voor de verwerking;De ontvanger van de Persoonsgegevens;De rechten van de betrokkene met in bijzonderheid het recht tot\n                      het intrekken van de verleende toestemming;De termijn voor de bewaring van de Persoonsgegevens;De verwerking van Persoonsgegevens voor marketingdoeleinden<\/p>\n                    <p>Voor de Persoonsgegevens die&nbsp;<strong>&nbsp;VF&amp;O<\/strong>&nbsp;als verantwoordelijke ontvangt vanwege de relatie en die worden aangewend voor marketingdoeleinden en relatiebeheer, valt&nbsp;<strong>&nbsp;VF&amp;O<\/strong>&nbsp;terug\n                      op de wettelijke grondslag van het gerechtvaardigd belang bestaande uit de situatie waarbij de betrokkene relatie is van&nbsp;<strong>VF&amp;O<\/strong>&nbsp;als gevolg van het plaatsen van een opdracht (art. 6.1.b AVG), dan wel expliciet\n                      verkregen toestemming.<\/p>\n                    <p>De relatie in diens hoedanigheid als betrokkene zal ten allen tijden over de mogelijkheid tot opt-out beschikken en kan zich desgewenst wenden tot&nbsp;<strong>VF&amp;O<\/strong>&nbsp;\n                      <a href=\"mailto:info@voorop.nl\" style=\"font-family: &quot;Open Sans&quot;; font-weight: 400; font-size: 1em; color: rgb(242, 101, 89);\">rob@vooropfotografie.nl<\/a>\n                    <\/p>\n                    <p>Het register van verwerkingsactiviteiten<\/p>\n                    <p><strong>VF&amp;O<\/strong>&nbsp;verbindt zich er toe tot het opstellen en onderhouden van een dataregister waarin de verwerkingsactiviteiten als volgt worden geregistreerd:<\/p>\n                    <p>De categorie van Persoonsgegevens;De verwerkingsdoeleinden;De ontvangers van de Persoonsgegevens;De periode van bewaring;De genomen beveiligingsmaatregelen;Het gebied waarbinnen de Persoonsgegevens verwerkt worden;De gemachtigden met\n                      toegang tot de Persoonsgegevens;Passende technische en organisatorische maatregelen<\/p>\n                    <p><strong>VF&amp;O<\/strong>&nbsp;zal passende technische en organisatorische maatregelen nemen voor een veilige verwerking van Persoonsgegevens, zodoende het risico op vernietiging, verlies, ongeautoriseerde wijziging of verwerking wordt\n                      beperkt. Dit rekening houdende met de stand van de techniek, de aard, omvang, context, verwerkingsdoeleinden en de mogelijk verbonden risico\u2019s voor de rechten en vrijheden van personen. Op vraag van de relatie verstrekt&nbsp;<strong>VF&amp;O<\/strong>&nbsp;gedetailleerde\n                      inlichtingen over het gehanteerde veiligheidsbeleid.<\/p>\n                    <p>Onderaannemers en verwerkers<\/p>\n                    <p>De klant en de betrokkene erkennen en gaan akkoord met het feit dat&nbsp;<strong>&nbsp;VF&amp;O<\/strong>&nbsp;in het kader van haar dienstverlening beroep kan doen op subverwerkers onder verantwoordelijkheid van&nbsp;<strong>VF&amp;O<\/strong>.&nbsp;<strong>VF&amp;O<\/strong>&nbsp;zal\n                      de relatie van elke nieuwe samenwerking op de hoogte brengen, waarbij de klant over een mogelijkheid tot verzet beschikt in geval van gerede twijfels omtrent de veiligheid van de verwerkte gegevens.<\/p>\n                    <p><strong>VF&amp;O<\/strong>&nbsp;garandeert dat de door haar aangeduide verwerkers, waaronder haar bestuursleden, adviseur(s) en vrijwilligers medewerkers, Persoonsgegevens verwerken mits naleving van de toepasselijke wetgeving en op\n                      basis van de door&nbsp;<strong>VF&amp;O<\/strong>&nbsp;uitgeschreven richtlijnen voor gegevensbescherming gebaseerd op deze Privacy Policy (met inbegrip van technische en organisatorische maatregelen). Hiertoe zal de&nbsp;<strong>VF&amp;O<\/strong>&nbsp;de\n                      nodige contracten onderschrijven (art. 28.3 AVG).<\/p>\n                    <p>De toegang tot de Persoonsgegevens zal ten allen tijden beperkt worden tot deze medewerkers en subverwerkers die betrokken zijn in de dienstverlening waarvoor verwerking noodzakelijk is.<\/p>\n                    <p>De medewerkers en subverwerkers van&nbsp;<strong>VF&amp;O<\/strong>&nbsp;hebben zich er contractueel toe verbonden de vertrouwelijkheid van de Persoonsgegevens in acht te nemen.<\/p>\n                    <p><strong>VF&amp;O<\/strong>&nbsp;kan in het kader van haar dienstverlening onder meer samenwerken met volgende partners en\/of gebruik maken van volgende systemen: WordPress, , Wetransfer, Boekhouder, Bedrijfsbank, accountancy pakket\n                      Snelstart, Hostingbedrijf Hostnet.nl, Mailchimp, Woocommerce Externe server en backup NAS Synology, Adobe (Cloud en producten), Microsoft (OS en (cloud) producten), Dropbox (Cloud). , Nikon<\/p>\n                    <p>Derden<\/p>\n                    <p>Behoudens in relatie tot de medewerkers en subverwerkers die in het kader van de dienstverlening betrokken worden, zal&nbsp;<strong>VF&amp;O<\/strong>&nbsp;geen Persoonsgegevens uitwisselen met derden, behoudens in geval van uitdrukkelijke\n                      toestemming van de klant en\/of de betrokkene, dan wel ingevolge een wettelijke verplichting. In dit laatste geval verbindt&nbsp;<strong>&nbsp;VF&amp;O<\/strong>&nbsp;zich er toe de klant en\/of betrokkene voorafgaandelijk in kennis\n                      te stellen van het verzoek vanwege de betrokken instanties en\/of overheden (zie overweging 15).<\/p>\n                    <p>Gegevensverwerking buiten de Europese Unie<\/p>\n                    <p><strong>VF&amp;O<\/strong>&nbsp;verbindt zich er toe Persoonsgegevens enkel te verwerken binnen de grenzen van de Europese Unie of in een land dat een passend beschermingsniveau waarborgt hetwelk meetbaar is via objectieve maatstaven\n                      zoals de vereiste (ISO-)certificeringen, tenzij verplicht door relevante Europese wetgeving. In&nbsp;het geval van verwerking in een land buiten de grenzen van de EU zal&nbsp;<strong>VF&amp;O<\/strong>&nbsp;op schriftelijk verzoek\n                      van de klant meedelen in welke landen welke activiteiten plaatsvinden op instructie en onder toezicht van&nbsp;<strong>VF&amp;O.<\/strong><\/p>\n                    <p>Minimale verwerking van Persoonsgegevens<\/p>\n                    <p><strong>VF&amp;O<\/strong>&nbsp;zal enkel die Persoonsgegevens verwerken die minimaal noodzakelijk zijn in het kader van de gevraagde dienstverlening.<\/p>\n                    <p>Google Analytics<\/p>\n                    <p><strong>VF&amp;O<\/strong>&nbsp;maakt in het kader van haar dienstverlening, alsmede voor haar eigen marketing gebruik van Google Analytics ter rapportering van bezoekersinteracties. Deze cookies worden gebruikt om niet-persoonlijk\n                      identificeerbare informatie op te slaan en omvatten dus enkel objectieve gebruikersinformatie. In die zin wordt er geen inbreuk gemaakt op de privacyrechten van betrokkenen. Tijdens het consulteren van de website wordt deze informatie\n                      ten allen tijden tot anonieme statistieken gereduceerd, dewelke niet te herleiden zijn tot een welbepaalde gebruiker. Er wordt dan ook geen gebruik gemaakt van \u2018behavioural targeting\u2019.<\/p>\n                    <p>Naast Google Analytics maakt&nbsp;<strong>VF&amp;O<\/strong>&nbsp;geen gebruik van andere cookies.<\/p>\n                    <p>De rechten van de Betrokkene(n)<\/p>\n                    <p>In het kader van de AVG heeft de betrokkene de volgende rechten met betrekking tot de verzamelde en verwerkte persoonsgegevens (art. 12 t.e.m. 22 AVG):<\/p>\n                    <p>Het recht op inzage;Het recht op verbetering en\/of aanvulling van Persoonsgegevens;Het recht om vergeten te worden;Het recht om het doel van de verwerking te beperken;Het recht op overdraagbaarheid van gegevens;Het recht voor het indienen\n                      van bezwaar;<\/p>\n                    <p><strong>VF&amp;O<\/strong>&nbsp;erwerkt elk verzoek of aanvraag onverwijld en uiterlijk binnen een termijn van 1 maand. Afhankelijk van de complexiteit van de verzoeken en van het aantal verzoeken kan die termijn indien nodig met nog\n                      eens twee maanden worden verlengd (art. 12.3 AVG).&nbsp;<strong>VF&amp;O<\/strong>&nbsp;informeert de klant binnen de maand na ontvangst van het verzoek over deze verlenging.<\/p>\n                    <p>Indien er geen gevolg gegeven kan worden aan het verzoek, deelt&nbsp;<strong>VF&amp;O<\/strong>dit mee aan de betrokkene binnen 1 maand na het verzoek, in welk geval de betrokkene het recht heeft om klacht in te dienen bij de Autoriteit\n                      Persoonsgegevens (NL) dan wel de Privacycommissie (B) (art. 77 AVG).<\/p>\n                    <p>Het wissen van de Persoonsgegevens bij einde van de relatie.<\/p>\n                    <p><strong>VF&amp;O<\/strong>&nbsp;garandeert dat de verwerkte Persoonsgegevens bij het einde van de relatie worden gewist of overgedragen op vraag van de klant en dit binnen een termijn van 1 maand, tenzij er een wettelijk recht bestaat\n                      die&nbsp;<strong>VF&amp;O<\/strong>&nbsp;toelaat om de Persoonsgegevens voor een langere termijn te bewaren. Dezelfde verplichting geldt voor alle medewerkers en subverwerkers waarop beroep werd gedaan.<\/p>\n                    <p>Op uitdrukkelijke vraag van de klant levert&nbsp;<strong>VF&amp;O<\/strong>&nbsp;het bewijs van het verwijderen of overdragen van de gegevens.<\/p>\n                    <p>Opvragen van Persoonsgegevens door Openbare Overheidsdiensten<\/p>\n                    <p>Indien&nbsp;<strong>VF&amp;O<\/strong>&nbsp;een verzoek tot informatie, dagvaarding of bevel ontvangt vanwege een overheidsinstantie met betrekking tot de verwerking van Persoonsgegevens van de klant, en van zinnens is deze informatie\n                      ter verstrekken, verbindt zij zich er toe de klant hiervan voorafgaandelijk en binnen een termijn van 5 werkdagen op de hoogte te brengen.&nbsp;<strong>VF&amp;O<\/strong>&nbsp;zal de klant in dergelijk geval de mogelijkheid verschaffen\n                      om binnen de 72 uur vanaf de mededeling bezwaar te uiten.<\/p>\n                    <p>Maatregelen in geval van een Datalek<\/p>\n                    <p><strong>VF&amp;O<\/strong>&nbsp;en de relatie\/klant verbinden zich er toe om bij kennis van een datalek elkaar en na onderling overleg en in voorkomend geval de Autoriteit Persoonsgegevens (NL) dan wel de Privacycommissie (B), hiervan\n                      in kennis te stellen binnen de 72u na ontdekking van het lek in zoverre er een impact mogelijk is op de beveiliging van de Persoonsgegevens die zij in het kader van de samenwerking verwerken.<\/p>\n                    <p>Indien het waargenomen datalek een hoog risico inhoudt voor de rechten en vrijheden van de betrokken personen, zal de klant, als verwerkingsverantwoordelijke, de betrokkene hiervan zonder onredelijke vertraging over informeren.<\/p>\n                    <p>Zowel&nbsp;<strong>VF&amp;O<\/strong>&nbsp;als de relatie verlenen hun volledige medewerking aan de bevoegde autoriteiten door het verschaffen van de noodzakelijke informatie en het beperken van de gevolgen van de inbreuk.<\/p>\n                    <p>Overige bepalingen<\/p>\n                    <p>In geval van nietigheid van \u00e9\u00e9n of meer bepalingen uit deze Privacy Policy, worden deze bepalingen ge\u00efnterpreteerd overeenkomstig de AVG. De nietigheid van \u00e9\u00e9n van de bepalingen laat de gelding van de overige bepalingen uit deze Privacy\n                      Policy onverlet.<\/p>\n                    <p>De Privacy Policy wordt uitsluitend beheerst door het Nederlandse recht. Enkel de rechtbanken van Dordrecht zijn bevoegd om kennis te nemen van geschillen die hier uit voortvloeien.<\/p>\n                    <p><strong>VF&amp;O<\/strong>&nbsp;garandeert de nodige ondersteuning en informatie om aan diens verplichtingen te voldoen, behoudens in geval van informatie die confidentieel is of omwille van een wettelijke regeling niet mag worden medegedeeld.\n                      Daarenboven zal zij haar medewerking verlenen aan elke audit uitgevoerd in opdracht van de klant in zoverre deze beperkt wordt tot de systemen van VF&amp;Owaarmee Persoonsgegevens verwerkt worden.<\/p>\n                    <p>De verantwoordelijke voor de verwerking van de Persoonsgegevens bij&nbsp;<strong>VF&amp;O<\/strong>&nbsp;is, de heer Rob van der Teen (\n                      <a href=\"mailto:info@voorop.nl\" style=\"font-family: &quot;Open Sans&quot;; font-weight: 400; font-size: 1em; color: rgb(242, 101, 89);\">rob@vooropfotografie.nl<\/a>)<\/p>\n                    <p>Voor meer informatie kan u steeds terecht bij de Autoriteit Persoonsgegevens te Den Haag (NL) (0900-2001 201 of&nbsp;\n                      <a href=\"http:\/\/www.autoriteitpersoonsgegevens.nl\" style=\"font-family: &quot;Open Sans&quot;; font-weight: 400; font-size: 1em; color: rgb(242, 101, 89);\"\n                        class=\"customize-unpreviewable\">www.autoriteitpersoonsgegevens.nl<\/a>\n                    <\/p>\n                    <p>Hendrik Ido Ambacht, 19 mei 2018<\/p>\n                    <p>\n                      <br>\n                    <\/p>\n                  <\/div>\n                <\/div>\n              <\/div>\n            <\/div>\n          <\/div>\n        <\/div>\n      <\/div>\n    <\/div>\n  <\/div>\n<\/div>","protected":false},"excerpt":{"rendered":"<p>Voorop! Fotografie&amp; Ontwerp, Foto en mediabedrijf naar Nederlands recht, hierna te noemen&nbsp;VF&amp;O&nbsp;vermeld onder KvK-nummer 63025434 en in rechte vertegenwoordigd door R. van der Teen als verantwoordelijke voor de Persoonsgegevens; Verklaart het volgende:&nbsp; VF&amp;O&nbsp;verwerkt Persoonsgegevens uitsluitend voor intern gebruik binnen de administratie (mail en eventueel fotografische weergaven.) Dit als verwerkingsverantwoordelijke, dan wel als verwerker afhankelijk van [&hellip;]<\/p>\n","protected":false},"author":2,"featured_media":549,"parent":0,"menu_order":0,"comment_status":"closed","ping_status":"closed","template":"page-templates\/full-width-page.php","meta":{"footnotes":""},"class_list":["post-703","page","type-page","status-publish","has-post-thumbnail","hentry"],"_links":{"self":[{"href":"https:\/\/vooropfotografie.nl\/index.php?rest_route=\/wp\/v2\/pages\/703","targetHints":{"allow":["GET"]}}],"collection":[{"href":"https:\/\/vooropfotografie.nl\/index.php?rest_route=\/wp\/v2\/pages"}],"about":[{"href":"https:\/\/vooropfotografie.nl\/index.php?rest_route=\/wp\/v2\/types\/page"}],"author":[{"embeddable":true,"href":"https:\/\/vooropfotografie.nl\/index.php?rest_route=\/wp\/v2\/users\/2"}],"replies":[{"embeddable":true,"href":"https:\/\/vooropfotografie.nl\/index.php?rest_route=%2Fwp%2Fv2%2Fcomments&post=703"}],"version-history":[{"count":6,"href":"https:\/\/vooropfotografie.nl\/index.php?rest_route=\/wp\/v2\/pages\/703\/revisions"}],"predecessor-version":[{"id":1023,"href":"https:\/\/vooropfotografie.nl\/index.php?rest_route=\/wp\/v2\/pages\/703\/revisions\/1023"}],"wp:featuredmedia":[{"embeddable":true,"href":"https:\/\/vooropfotografie.nl\/index.php?rest_route=\/wp\/v2\/media\/549"}],"wp:attachment":[{"href":"https:\/\/vooropfotografie.nl\/index.php?rest_route=%2Fwp%2Fv2%2Fmedia&parent=703"}],"curies":[{"name":"wp","href":"https:\/\/api.w.org\/{rel}","templated":true}]}}